{"id":322,"date":"2019-11-04T12:40:59","date_gmt":"2019-11-04T12:40:59","guid":{"rendered":"https:\/\/wgl-dsites.net\/thegov\/?page_id=322"},"modified":"2019-11-04T12:40:59","modified_gmt":"2019-11-04T12:40:59","slug":"blog-listing","status":"publish","type":"page","link":"http:\/\/branslv.cluster100.hosting.ovh.net\/?page_id=322","title":{"rendered":"Blog Listing"},"content":{"rendered":"\t\t<div data-elementor-type=\"wp-page\" data-elementor-id=\"322\" class=\"elementor elementor-322\">\n\t\t\t\t\t\t<section class=\"elementor-section elementor-top-section elementor-element elementor-element-7891677 elementor-section-boxed elementor-section-height-default elementor-section-height-default\" data-id=\"7891677\" data-element_type=\"section\" data-e-type=\"section\">\n\t\t\t\t\t\t<div class=\"elementor-container elementor-column-gap-default\">\n\t\t\t\t\t<div class=\"elementor-column elementor-col-100 elementor-top-column elementor-element elementor-element-a5c1236\" data-id=\"a5c1236\" data-element_type=\"column\" data-e-type=\"column\">\n\t\t\t<div class=\"elementor-widget-wrap elementor-element-populated\">\n\t\t\t\t\t\t<div class=\"elementor-element elementor-element-c749dc3 elementor-widget elementor-widget-wgl-blog\" data-id=\"c749dc3\" data-element_type=\"widget\" data-e-type=\"widget\" data-settings=\"{&quot;blog_columns&quot;:&quot;12&quot;}\" data-widget_type=\"wgl-blog.default\">\n\t\t\t\t<div class=\"elementor-widget-container\">\n\t\t\t\t\t            <section class=\"wgl_cpt_section\">\n                <div class=\"blog-posts\">\n                    <div class=\"container-grid row  blog_columns-1 grid blog-style-standard\"><div class=\"wgl_col-12 item\">\n    <div class=\"blog-post  format-standard-image\">\n        <div class=\"blog-post_wrapper\">\n\n            <div class=\"blog-post_media\"><div class=\"blog-post_media_part\"><a href=\"http:\/\/branslv.cluster100.hosting.ovh.net\/?p=183\" class=\"blog-post_feature-link\"><img src='http:\/\/branslv.cluster100.hosting.ovh.net\/wp-content\/uploads\/2019\/11\/655853367_122107445799267631_3892365324411750642_n-1170x725.jpg' alt='655853367_122107445799267631_3892365324411750642_n' \/><\/a><\/div><\/div>            <div class=\"blog-post_content\">\n            <div class=\"blog-post_cats\">\t\t    \t<div class=\"meta-wrapper\">\n\t\t\t\t\t\n\t\t\t\t\t\t\t\t\t\t\t\t\t\t\t\t\t\t\t<span class=\"blog-post_meta-categories\"><span><a href=\"http:\/\/branslv.cluster100.hosting.ovh.net\/?cat=78\">Vie municipale<\/a><\/span><\/span>\t\t\t\t\t\n\t\t\t\t\t\n\t\t\t\t<\/div>\n\t\t\t\t<\/div><div class=\"blog-post_content-mid\"><h3 class=\"blog-post_title\"><a href=\"http:\/\/branslv.cluster100.hosting.ovh.net\/?p=183\">1er conseil municipal de la nouvelle \u00e9quipe !<\/a><\/h3><div class=\"blog-post_text\"><p>Conseil municipal d\u2019installation du vendredi 20 mars 2026\nApr\u00e8s l&#8217;ouverture de la s\u00e9ance et l&#8217;installation des 15 \u00e9lus, le doyen a pr\u00e9sid\u00e9 la s\u00e9ance de l&#8217;\u00e9lection du...<\/p><\/div>                        <a href=\"http:\/\/branslv.cluster100.hosting.ovh.net\/?p=183\" class=\"button-read-more\">Read More<\/a> \n                    <\/div>\n                <div class='blog-post_meta-desc'>  \n                    \t\t    \t<div class=\"meta-wrapper\">\n\t\t\t\t\t\t\t\t\t\t\t<span class=\"author_post\">\n\t\t\t\t\t\t\t\t\t\t\t\t<a href=\"http:\/\/branslv.cluster100.hosting.ovh.net\/?author=1\">Mairie de Bransles<\/a><\/span>\n\t\t\t\t\t\n\t\t\t\t\t\t\t\t\t\t\t<span class=\"date_post\">mars 26, 2026<\/span>\n\t\t\t\t\t\t\t\t\t\t\n\t\t\t\t\t\n\t\t\t\t<\/div>\n\t\t\t\t<div class=\"blog-post_meta-wrap\">                        \n                        <div class=\"blog-post_likes-wrap\">\n                            <div class=\"sl-wrapper wgl-likes\"><a href=\"http:\/\/branslv.cluster100.hosting.ovh.net\/wp-admin\/admin-ajax.php?action=thegov_like&post_id=183&nonce=8e42d3e055&is_comment=0&disabled=true\" class=\"sl-button sl-button-183\" data-nonce=\"8e42d3e055\" data-post-id=\"183\" data-iscomment=\"0\" title=\"Like\"><span class=\"sl-icon flaticon-valentines-heart liked\"><\/span><span class=\"sl-count\">25 <\/span><\/a><span class=\"sl-loader\"><\/span><\/div>                        <\/div> \n                                <div class=\"share_post-container\">\n            <a href=\"#\"><\/a>\n            <div class=\"share_social-wpapper\">\n                <ul>\n                    <li>\n                        <a class=\"share_post share_twitter\" target=\"_blank\" href=\"https:\/\/twitter.com\/intent\/tweet?text=1er%20conseil%20municipal%20de%20la%20nouvelle%20\u00e9quipe%20!&#038;url=http:\/\/branslv.cluster100.hosting.ovh.net\/?p=183\">\n                            <span class=\"fa fa-twitter\"><\/span>\n                        <\/a>\n                    <\/li>\n                    <li>\n                        <a class=\"share_post share_facebook\" target=\"_blank\" href=\"https:\/\/www.facebook.com\/share.php?u=http:\/\/branslv.cluster100.hosting.ovh.net\/?p=183\">\n                            <span class=\"fa fa-facebook\"><\/span>\n                        <\/a>\n                    <\/li>\n                    <li><a class=\"share_post share_pinterest\" target=\"_blank\" href=\"https:\/\/pinterest.com\/pin\/create\/button\/?url=http:\/\/branslv.cluster100.hosting.ovh.net\/?p=183&#038;media=http:\/\/branslv.cluster100.hosting.ovh.net\/wp-content\/uploads\/2019\/11\/655853367_122107445799267631_3892365324411750642_n.jpg\"><span class=\"fa fa-pinterest\"><\/span><\/a><\/li>                    <li>\n                        <a class=\"share_post share_linkedin\" target=\"_blank\" href=\"http:\/\/www.linkedin.com\/shareArticle?mini=true&#038;url=http%3A%2F%2Fbranslv.cluster100.hosting.ovh.net%2F%3Fp%3D183&title=1er+conseil+municipal+de+la+nouvelle+%C3%A9quipe+%21\">\n                            <span class=\"fa fa-linkedin\"><\/span>\n                        <\/a>\n                    <\/li>\n                <\/ul>\n            <\/div>\n        <\/div>\n         \n                            <\/div>   \n                                        <\/div>\n\n                            <\/div>\n        <\/div>\n    <\/div>\n    <\/div><div class=\"wgl_col-12 item\">\n    <div class=\"blog-post  format-standard-image\">\n        <div class=\"blog-post_wrapper\">\n\n            <div class=\"blog-post_media\"><div class=\"blog-post_media_part\"><a href=\"http:\/\/branslv.cluster100.hosting.ovh.net\/?p=2291\" class=\"blog-post_feature-link\"><img src='http:\/\/branslv.cluster100.hosting.ovh.net\/wp-content\/uploads\/2026\/03\/656358578_122107440039267631_9139092127847894511_n-1170x725.jpg' alt='656358578_122107440039267631_9139092127847894511_n' \/><\/a><\/div><\/div>            <div class=\"blog-post_content\">\n            <div class=\"blog-post_cats\">\t\t    \t<div class=\"meta-wrapper\">\n\t\t\t\t\t\n\t\t\t\t\t\t\t\t\t\t\t\t\t\t\t\t\t\t\t<span class=\"blog-post_meta-categories\"><span><a href=\"http:\/\/branslv.cluster100.hosting.ovh.net\/?cat=80\">C\u00e9r\u00e9monie<\/a><\/span><\/span>\t\t\t\t\t\n\t\t\t\t\t\n\t\t\t\t<\/div>\n\t\t\t\t<\/div><div class=\"blog-post_content-mid\"><h3 class=\"blog-post_title\"><a href=\"http:\/\/branslv.cluster100.hosting.ovh.net\/?p=2291\">C\u00e9r\u00e9monie du 64\u00e8me anniversaire du Cessez-le-Feu de la Guerre d\u2019Alg\u00e9rie<\/a><\/h3><div class=\"blog-post_text\"><p>\u00c0 l\u2019occasion de la journ\u00e9e nationale du souvenir et de recueillement \u00e0 la m\u00e9moire des victimes civiles et militaires de la guerre d\u2019Alg\u00e9rie et des combats en Tunisie et au Maroc, nous...<\/p><\/div>                        <a href=\"http:\/\/branslv.cluster100.hosting.ovh.net\/?p=2291\" class=\"button-read-more\">Read More<\/a> \n                    <\/div>\n                <div class='blog-post_meta-desc'>  \n                    \t\t    \t<div class=\"meta-wrapper\">\n\t\t\t\t\t\t\t\t\t\t\t<span class=\"author_post\">\n\t\t\t\t\t\t\t\t\t\t\t\t<a href=\"http:\/\/branslv.cluster100.hosting.ovh.net\/?author=1\">Mairie de Bransles<\/a><\/span>\n\t\t\t\t\t\n\t\t\t\t\t\t\t\t\t\t\t<span class=\"date_post\">mars 19, 2026<\/span>\n\t\t\t\t\t\t\t\t\t\t\n\t\t\t\t\t\n\t\t\t\t<\/div>\n\t\t\t\t<div class=\"blog-post_meta-wrap\">                        \n                        <div class=\"blog-post_likes-wrap\">\n                            <div class=\"sl-wrapper wgl-likes\"><a href=\"http:\/\/branslv.cluster100.hosting.ovh.net\/wp-admin\/admin-ajax.php?action=thegov_like&post_id=2291&nonce=8e42d3e055&is_comment=0&disabled=true\" class=\"sl-button sl-button-2291\" data-nonce=\"8e42d3e055\" data-post-id=\"2291\" data-iscomment=\"0\" title=\"Like\"><span class=\"sl-icon flaticon-valentines-heart liked\"><\/span><span class=\"sl-count\">2 <\/span><\/a><span class=\"sl-loader\"><\/span><\/div>                        <\/div> \n                                <div class=\"share_post-container\">\n            <a href=\"#\"><\/a>\n            <div class=\"share_social-wpapper\">\n                <ul>\n                    <li>\n                        <a class=\"share_post share_twitter\" target=\"_blank\" href=\"https:\/\/twitter.com\/intent\/tweet?text=C\u00e9r\u00e9monie%20du%2064\u00e8me%20anniversaire%20du%20Cessez-le-Feu%20de%20la%20Guerre%20d\u2019Alg\u00e9rie&#038;url=http:\/\/branslv.cluster100.hosting.ovh.net\/?p=2291\">\n                            <span class=\"fa fa-twitter\"><\/span>\n                        <\/a>\n                    <\/li>\n                    <li>\n                        <a class=\"share_post share_facebook\" target=\"_blank\" href=\"https:\/\/www.facebook.com\/share.php?u=http:\/\/branslv.cluster100.hosting.ovh.net\/?p=2291\">\n                            <span class=\"fa fa-facebook\"><\/span>\n                        <\/a>\n                    <\/li>\n                    <li><a class=\"share_post share_pinterest\" target=\"_blank\" href=\"https:\/\/pinterest.com\/pin\/create\/button\/?url=http:\/\/branslv.cluster100.hosting.ovh.net\/?p=2291&#038;media=http:\/\/branslv.cluster100.hosting.ovh.net\/wp-content\/uploads\/2026\/03\/656358578_122107440039267631_9139092127847894511_n.jpg\"><span class=\"fa fa-pinterest\"><\/span><\/a><\/li>                    <li>\n                        <a class=\"share_post share_linkedin\" target=\"_blank\" href=\"http:\/\/www.linkedin.com\/shareArticle?mini=true&#038;url=http%3A%2F%2Fbranslv.cluster100.hosting.ovh.net%2F%3Fp%3D2291&title=C%C3%A9r%C3%A9monie+du+64%C3%A8me+anniversaire+du+Cessez-le-Feu+de+la+Guerre+d%E2%80%99Alg%C3%A9rie\">\n                            <span class=\"fa fa-linkedin\"><\/span>\n                        <\/a>\n                    <\/li>\n                <\/ul>\n            <\/div>\n        <\/div>\n         \n                            <\/div>   \n                                        <\/div>\n\n                            <\/div>\n        <\/div>\n    <\/div>\n    <\/div><\/div>                <\/div>\n        <\/section>\t\t\t\t<\/div>\n\t\t\t\t<\/div>\n\t\t\t\t\t<\/div>\n\t\t<\/div>\n\t\t\t\t\t<\/div>\n\t\t<\/section>\n\t\t\t\t<section class=\"elementor-section elementor-top-section elementor-element elementor-element-fa1ec44 elementor-section-boxed elementor-section-height-default elementor-section-height-default\" data-id=\"fa1ec44\" data-element_type=\"section\" data-e-type=\"section\">\n\t\t\t\t\t\t<div class=\"elementor-container elementor-column-gap-default\">\n\t\t\t\t\t<div class=\"elementor-column elementor-col-100 elementor-top-column elementor-element elementor-element-99b9c19\" data-id=\"99b9c19\" data-element_type=\"column\" data-e-type=\"column\">\n\t\t\t<div class=\"elementor-widget-wrap elementor-element-populated\">\n\t\t\t\t\t\t<div class=\"elementor-element elementor-element-e16e9b0 elementor-widget elementor-widget-spacer\" data-id=\"e16e9b0\" data-element_type=\"widget\" data-e-type=\"widget\" data-widget_type=\"spacer.default\">\n\t\t\t\t\t\t\t<div class=\"elementor-spacer\">\n\t\t\t<div class=\"elementor-spacer-inner\"><\/div>\n\t\t<\/div>\n\t\t\t\t\t\t<\/div>\n\t\t\t\t\t<\/div>\n\t\t<\/div>\n\t\t\t\t\t<\/div>\n\t\t<\/section>\n\t\t\t\t<\/div>\n\t\t","protected":false},"excerpt":{"rendered":"<p>Culture How to Make the Most of a Weekend The bodies were lying in the streets un-buried. All railroads and vessels carrying food and such things into the great city had ceased runnings and mobs of the hungry poor pillaging. Read More developers November 4, 2019 1 Departments Exbition of the Picturesque City Views The [&hellip;]<\/p>\n","protected":false},"author":1,"featured_media":0,"parent":0,"menu_order":0,"comment_status":"closed","ping_status":"closed","template":"","meta":{"footnotes":""},"class_list":["post-322","page","type-page","status-publish","hentry"],"_links":{"self":[{"href":"http:\/\/branslv.cluster100.hosting.ovh.net\/index.php?rest_route=\/wp\/v2\/pages\/322","targetHints":{"allow":["GET"]}}],"collection":[{"href":"http:\/\/branslv.cluster100.hosting.ovh.net\/index.php?rest_route=\/wp\/v2\/pages"}],"about":[{"href":"http:\/\/branslv.cluster100.hosting.ovh.net\/index.php?rest_route=\/wp\/v2\/types\/page"}],"author":[{"embeddable":true,"href":"http:\/\/branslv.cluster100.hosting.ovh.net\/index.php?rest_route=\/wp\/v2\/users\/1"}],"replies":[{"embeddable":true,"href":"http:\/\/branslv.cluster100.hosting.ovh.net\/index.php?rest_route=%2Fwp%2Fv2%2Fcomments&post=322"}],"version-history":[{"count":0,"href":"http:\/\/branslv.cluster100.hosting.ovh.net\/index.php?rest_route=\/wp\/v2\/pages\/322\/revisions"}],"wp:attachment":[{"href":"http:\/\/branslv.cluster100.hosting.ovh.net\/index.php?rest_route=%2Fwp%2Fv2%2Fmedia&parent=322"}],"curies":[{"name":"wp","href":"https:\/\/api.w.org\/{rel}","templated":true}]}}